{"id":2789,"date":"2022-11-19T12:23:22","date_gmt":"2022-11-19T10:23:22","guid":{"rendered":"http:\/\/christteam.lt\/?page_id=2789"},"modified":"2023-10-22T18:38:26","modified_gmt":"2023-10-22T16:38:26","slug":"kontaktai","status":"publish","type":"page","link":"https:\/\/christteam.lt\/en\/kontaktai\/","title":{"rendered":"CONTACT"},"content":{"rendered":"\t\t<div data-elementor-type=\"wp-page\" data-elementor-id=\"2789\" class=\"elementor elementor-2789\" data-elementor-post-type=\"page\">\n\t\t\t\t\t\t<section class=\"elementor-section elementor-top-section elementor-element elementor-element-b061158 elementor-section-boxed elementor-section-height-default elementor-section-height-default\" data-id=\"b061158\" data-element_type=\"section\">\n\t\t\t\t\t\t<div class=\"elementor-container elementor-column-gap-default\">\n\t\t\t\t\t<div class=\"elementor-column elementor-col-100 elementor-top-column elementor-element elementor-element-1a00701\" data-id=\"1a00701\" data-element_type=\"column\">\n\t\t\t<div class=\"elementor-widget-wrap elementor-element-populated\">\n\t\t\t\t\t\t<section class=\"elementor-section elementor-inner-section elementor-element elementor-element-2b25b89 elementor-section-boxed elementor-section-height-default elementor-section-height-default\" data-id=\"2b25b89\" data-element_type=\"section\">\n\t\t\t\t\t\t<div class=\"elementor-container elementor-column-gap-default\">\n\t\t\t\t\t<div class=\"elementor-column elementor-col-50 elementor-inner-column elementor-element elementor-element-f3a6fb0\" data-id=\"f3a6fb0\" data-element_type=\"column\">\n\t\t\t<div class=\"elementor-widget-wrap elementor-element-populated\">\n\t\t\t\t\t\t<div class=\"elementor-element elementor-element-082c06a elementor-button-align-start elementor-widget elementor-widget-form\" data-id=\"082c06a\" data-element_type=\"widget\" data-settings=\"{&quot;button_width&quot;:&quot;30&quot;,&quot;step_next_label&quot;:&quot;Next&quot;,&quot;step_previous_label&quot;:&quot;Previous&quot;,&quot;step_type&quot;:&quot;number_text&quot;,&quot;step_icon_shape&quot;:&quot;circle&quot;}\" data-widget_type=\"form.default\">\n\t\t\t\t<div class=\"elementor-widget-container\">\n\t\t\t        <script>\n\n            if(typeof params === 'undefined'){\n                let params = '';                \n            }\n\n            params = new URLSearchParams(location.search);\n\n            if (params.has('better_payment_paypal_status') || params.has('better_payment_stripe_status') || params.has('better_payment_paystack_status')) {\n                params.delete('better_payment_paypal_status');\n                params.delete('better_payment_stripe_status');\n                params.delete('better_payment_paystack_status');\n                params.delete('better_payment_widget_id');\n                params.delete('better_payment_stripe_id');\n                params.delete('better_payment_paystack_id');\n                window.history.replaceState({}, '', `${location.pathname}?${params}`);\n            }\n        <\/script>\n        \t\t<form class=\"elementor-form\" method=\"post\" name=\"New Form\">\n\t\t\t<input type=\"hidden\" name=\"post_id\" value=\"2789\"\/>\n\t\t\t<input type=\"hidden\" name=\"form_id\" value=\"082c06a\"\/>\n\t\t\t<input type=\"hidden\" name=\"referer_title\" value=\"Christ Team\" \/>\n\n\t\t\t\n\t\t\t<div class=\"elementor-form-fields-wrapper elementor-labels-above\">\n\t\t\t\t\t\t\t\t<div class=\"elementor-field-type-text elementor-field-group elementor-column elementor-field-group-name elementor-col-100 elementor-field-required\">\n\t\t\t\t\t\t\t\t\t\t\t\t\t<input size=\"1\" type=\"text\" name=\"form_fields[name]\" id=\"form-field-name\" class=\"elementor-field elementor-size-xs  elementor-field-textual\" placeholder=\"Vardas\" required=\"required\" aria-required=\"true\">\n\t\t\t\t\t\t\t\t\t\t\t<\/div>\n\t\t\t\t\t\t\t\t<div class=\"elementor-field-type-email elementor-field-group elementor-column elementor-field-group-email elementor-col-100 elementor-field-required\">\n\t\t\t\t\t\t\t\t\t\t\t\t\t<input size=\"1\" type=\"email\" name=\"form_fields[email]\" id=\"form-field-email\" class=\"elementor-field elementor-size-xs  elementor-field-textual\" placeholder=\"El. pa\u0161tas\" required=\"required\" aria-required=\"true\">\n\t\t\t\t\t\t\t\t\t\t\t<\/div>\n\t\t\t\t\t\t\t\t<div class=\"elementor-field-type-tel elementor-field-group elementor-column elementor-field-group-field_5f8d026 elementor-col-100\">\n\t\t\t\t\t\t\t<input size=\"1\" type=\"tel\" name=\"form_fields[field_5f8d026]\" id=\"form-field-field_5f8d026\" class=\"elementor-field elementor-size-xs  elementor-field-textual\" placeholder=\"Tel. numeris\" pattern=\"[0-9()#&amp;+*-=.]+\" title=\"Only numbers and phone characters (#, -, *, etc) are accepted.\">\n\n\t\t\t\t\t\t<\/div>\n\t\t\t\t\t\t\t\t<div class=\"elementor-field-type-textarea elementor-field-group elementor-column elementor-field-group-message elementor-col-100\">\n\t\t\t\t\t<textarea class=\"elementor-field-textual elementor-field  elementor-size-xs\" name=\"form_fields[message]\" id=\"form-field-message\" rows=\"4\" placeholder=\"\u017dinut\u0117\"><\/textarea>\t\t\t\t<\/div>\n\t\t\t\t\t\t\t\t<div class=\"elementor-field-type-recaptcha_v3 elementor-field-group elementor-column elementor-field-group-field_3071726 elementor-col-100 recaptcha_v3-inline\">\n\t\t\t\t\t<div class=\"elementor-field\" id=\"form-field-field_3071726\"><div class=\"elementor-g-recaptcha\" data-sitekey=\"6LfYHxQkAAAAAG-GcA11hgYQ-86U1mOpGTxc7HwN\" data-type=\"v3\" data-action=\"Form\" data-badge=\"inline\" data-size=\"invisible\"><\/div><\/div>\t\t\t\t<\/div>\n\t\t\t\t\t\t\t\t<div class=\"elementor-field-group elementor-column elementor-field-type-submit elementor-col-30 e-form__buttons\">\n\t\t\t\t\t<button class=\"elementor-button elementor-size-xs\" type=\"submit\">\n\t\t\t\t\t\t<span class=\"elementor-button-content-wrapper\">\n\t\t\t\t\t\t\t\t\t\t\t\t\t\t\t\t\t\t\t\t\t\t<span class=\"elementor-button-text\">Si\u0173sti \u017einut\u0119<\/span>\n\t\t\t\t\t\t\t\t\t\t\t\t\t<\/span>\n\t\t\t\t\t<\/button>\n\t\t\t\t<\/div>\n\t\t\t<\/div>\n\t\t<\/form>\n\t\t\t\t<\/div>\n\t\t\t\t<\/div>\n\t\t\t\t\t<\/div>\n\t\t<\/div>\n\t\t\t\t<div class=\"elementor-column elementor-col-50 elementor-inner-column elementor-element elementor-element-a6ca527\" data-id=\"a6ca527\" data-element_type=\"column\">\n\t\t\t<div class=\"elementor-widget-wrap elementor-element-populated\">\n\t\t\t\t\t\t<div class=\"elementor-element elementor-element-b28d725 elementor-widget elementor-widget-lucille-contact-data\" data-id=\"b28d725\" data-element_type=\"widget\" data-widget_type=\"lucille-contact-data.default\">\n\t\t\t\t<div class=\"elementor-widget-container\">\n\t\t\t\r\n\t\t<div class=\"contact_right contact_data_scd\">\r\n\t\t\t<h3 class=\"contact_section_head lc-elt-widget\"><\/h3>\r\n\r\n\t\t\t\r\n\t\t\t\r\n\t\t\t\t\t\t<div class=\"contact_address_entry\">\r\n\t\t\t\t<i class=\"far fa-envelope\" aria-hidden=\"true\"><\/i>\r\n\t\t\t\tinfo@christteam.lt\t\t\t<\/div>\r\n\t\t\t\r\n\t\t\t\t\t\t<div class=\"contact_address_entry\">\r\n\t\t\t\t<i class=\"fas fa-phone\" aria-hidden=\"true\"><\/i>\r\n\t\t\t\t+3706 86 95 950\t\t\t<\/div>\r\n\t\t\t\r\n\t\t\t\r\n\t\t\t\t\r\n\r\n\t\t\t\r\n\t\t<\/div>\r\n\r\n\t\t\t\t<\/div>\n\t\t\t\t<\/div>\n\t\t\t\t\t<\/div>\n\t\t<\/div>\n\t\t\t\t\t<\/div>\n\t\t<\/section>\n\t\t\t\t\t<\/div>\n\t\t<\/div>\n\t\t\t\t\t<\/div>\n\t\t<\/section>\n\t\t\t\t<\/div>\n\t\t","protected":false},"excerpt":{"rendered":"<p>info@christteam.lt +3706 86 95 950<\/p>","protected":false},"author":1,"featured_media":0,"parent":0,"menu_order":0,"comment_status":"closed","ping_status":"closed","template":"","meta":{"footnotes":""},"_links":{"self":[{"href":"https:\/\/christteam.lt\/en\/wp-json\/wp\/v2\/pages\/2789"}],"collection":[{"href":"https:\/\/christteam.lt\/en\/wp-json\/wp\/v2\/pages"}],"about":[{"href":"https:\/\/christteam.lt\/en\/wp-json\/wp\/v2\/types\/page"}],"author":[{"embeddable":true,"href":"https:\/\/christteam.lt\/en\/wp-json\/wp\/v2\/users\/1"}],"replies":[{"embeddable":true,"href":"https:\/\/christteam.lt\/en\/wp-json\/wp\/v2\/comments?post=2789"}],"version-history":[{"count":37,"href":"https:\/\/christteam.lt\/en\/wp-json\/wp\/v2\/pages\/2789\/revisions"}],"predecessor-version":[{"id":5094,"href":"https:\/\/christteam.lt\/en\/wp-json\/wp\/v2\/pages\/2789\/revisions\/5094"}],"wp:attachment":[{"href":"https:\/\/christteam.lt\/en\/wp-json\/wp\/v2\/media?parent=2789"}],"curies":[{"name":"wp","href":"https:\/\/api.w.org\/{rel}","templated":true}]}}