{"id":2838,"date":"2022-11-26T15:54:17","date_gmt":"2022-11-26T13:54:17","guid":{"rendered":"http:\/\/christteam.lt\/?page_id=2838"},"modified":"2023-11-02T17:47:10","modified_gmt":"2023-11-02T15:47:10","slug":"giesmynas","status":"publish","type":"page","link":"https:\/\/christteam.lt\/en\/giesmynas\/","title":{"rendered":"SONGS"},"content":{"rendered":"<div data-elementor-type=\"wp-page\" data-elementor-id=\"2838\" class=\"elementor elementor-2838\" data-elementor-post-type=\"page\">\n\t\t\t\t\t\t<section class=\"elementor-section elementor-top-section elementor-element elementor-element-fdae7f2 elementor-section-boxed elementor-section-height-default elementor-section-height-default\" data-id=\"fdae7f2\" data-element_type=\"section\">\n\t\t\t\t\t\t<div class=\"elementor-container elementor-column-gap-default\">\n\t\t\t\t\t<div class=\"elementor-column elementor-col-100 elementor-top-column elementor-element elementor-element-b0afa2d\" data-id=\"b0afa2d\" data-element_type=\"column\">\n\t\t\t<div class=\"elementor-widget-wrap elementor-element-populated\">\n\t\t\t\t\t\t<div class=\"elementor-element elementor-element-485672f elementor-widget__width-inherit elementor-widget elementor-widget-shortcode\" data-id=\"485672f\" data-element_type=\"widget\" data-widget_type=\"shortcode.default\">\n\t\t\t\t<div class=\"elementor-widget-container\">\n\t\t\t\t\t<div class=\"elementor-shortcode\"><div class=\"asl_w_container asl_w_container_1\" data-id=\"1\" data-instance=\"1\">\n\t<div id='ajaxsearchlite1'\n\t\tdata-id=\"1\"\n\t\tdata-instance=\"1\"\n\t\tclass=\"asl_w asl_m asl_m_1 asl_m_1_1\">\n\t\t<div class=\"probox\">\n\n\t\n\t<div class='prosettings' style='display:none;' data-opened=\"0\">\n\t\t\t\t<div class='innericon'>\n\t\t\t<svg version=\"1.1\" xmlns=\"http:\/\/www.w3.org\/2000\/svg\" xmlns:xlink=\"http:\/\/www.w3.org\/1999\/xlink\" x=\"0px\" y=\"0px\" width=\"22\" height=\"22\" viewbox=\"0 0 512 512\" enable-background=\"new 0 0 512 512\" xml:space=\"preserve\">\n\t\t\t\t\t<polygon transform = \"rotate(90 256 256)\" points=\"142.332,104.886 197.48,50 402.5,256 197.48,462 142.332,407.113 292.727,256 \"\/>\n\t\t\t\t<\/svg>\n\t\t<\/div>\n\t<\/div>\n\n\t\n\t\n\t<div class='proinput'>\n\t\t<form role=\"search\" action='#' autocomplete=\"off\"\n\t\t\t\taria-label=\"Search by the name\" data-trp-original-action=\"#\">\n\t\t\t<input aria-label=\"Search input\"\n\t\t\t\t\ttype='search' class='orig'\n\t\t\t\t\ttabindex=\"0\"\n\t\t\t\t\tname='phrase'\n\t\t\t\t\tplaceholder='Ie\u0161koti giesmi\u0173 pagal pavadinim\u0105...'\n\t\t\t\t\tvalue=''\n\t\t\t\t\tautocomplete=\"off\"\/>\n\t\t\t<input aria-label=\"Search autocomplete input\"\n\t\t\t\t\ttype='text'\n\t\t\t\t\tclass='autocomplete'\n\t\t\t\t\ttabindex=\"-1\"\n\t\t\t\t\tname='phrase'\n\t\t\t\t\tvalue=''\n\t\t\t\t\tautocomplete=\"off\" disabled>\n\t\t\t<input type='submit' value=\"Start search\" style='width:0; height: 0; visibility: hidden;'>\n\t\t<input type=\"hidden\" name=\"trp-form-language\" value=\"en\"\/><\/form>\n\t<\/div>\n\n\t\n\t\n\t<button class='promagnifier' tabindex=\"0\" aria-label=\"Search magnifier button\">\n\t\t\t\t<span class='innericon' style=\"display:block;\">\n\t\t\t<svg version=\"1.1\" xmlns=\"http:\/\/www.w3.org\/2000\/svg\" xmlns:xlink=\"http:\/\/www.w3.org\/1999\/xlink\" x=\"0px\" y=\"0px\" width=\"22\" height=\"22\" viewbox=\"0 0 512 512\" enable-background=\"new 0 0 512 512\" xml:space=\"preserve\">\n\t\t\t\t\t<path d=\"M460.355,421.59L353.844,315.078c20.041-27.553,31.885-61.437,31.885-98.037\t\t\t\t\t\tC385.729,124.934,310.793,50,218.686,50C126.58,50,51.645,124.934,51.645,217.041c0,92.106,74.936,167.041,167.041,167.041\t\t\t\t\t\tc34.912,0,67.352-10.773,94.184-29.158L419.945,462L460.355,421.59z M100.631,217.041c0-65.096,52.959-118.056,118.055-118.056\t\t\t\t\t\tc65.098,0,118.057,52.959,118.057,118.056c0,65.096-52.959,118.056-118.057,118.056C153.59,335.097,100.631,282.137,100.631,217.041\t\t\t\t\t\tz\"\/>\n\t\t\t\t<\/svg>\n\t\t<\/span>\n\t<\/button>\n\n\t\n\t\n\t<div class='proloading'>\n\n\t\t<div class=\"asl_loader\"><div class=\"asl_loader-inner asl_simple-circle\"><\/div><\/div>\n\n\t\t\t<\/div>\n\n\t\t\t<div class='proclose'>\n\t\t\t<svg version=\"1.1\" xmlns=\"http:\/\/www.w3.org\/2000\/svg\" xmlns:xlink=\"http:\/\/www.w3.org\/1999\/xlink\" x=\"0px\"\n\t\t\t\ty=\"0px\"\n\t\t\t\twidth=\"12\" height=\"12\" viewbox=\"0 0 512 512\" enable-background=\"new 0 0 512 512\"\n\t\t\t\txml:space=\"preserve\">\n\t\t\t\t<polygon points=\"438.393,374.595 319.757,255.977 438.378,137.348 374.595,73.607 255.995,192.225 137.375,73.622 73.607,137.352 192.246,255.983 73.622,374.625 137.352,438.393 256.002,319.734 374.652,438.378 \"\/>\n\t\t\t<\/svg>\n\t\t<\/div>\n\t\n\t\n<\/div>\t<\/div>\n\t<div class='asl_data_container' style=\"display:none !important;\">\n\t\t<div class=\"asl_init_data wpdreams_asl_data_ct\"\n\tstyle=\"display:none !important;\"\n\tid=\"asl_init_id_1\"\n\tdata-asl-id=\"1\"\n\tdata-asl-instance=\"1\"\n\tdata-settings=\"{&quot;homeurl&quot;:&quot;https:\\\/\\\/christteam.lt\\\/en\\\/&quot;,&quot;resultstype&quot;:&quot;vertical&quot;,&quot;resultsposition&quot;:&quot;hover&quot;,&quot;itemscount&quot;:4,&quot;charcount&quot;:3,&quot;highlight&quot;:true,&quot;highlightWholewords&quot;:true,&quot;singleHighlight&quot;:false,&quot;scrollToResults&quot;:{&quot;enabled&quot;:false,&quot;offset&quot;:0},&quot;resultareaclickable&quot;:1,&quot;autocomplete&quot;:{&quot;enabled&quot;:false,&quot;lang&quot;:&quot;en&quot;,&quot;trigger_charcount&quot;:0},&quot;mobile&quot;:{&quot;menu_selector&quot;:&quot;&quot;},&quot;trigger&quot;:{&quot;click&quot;:&quot;ajax_search&quot;,&quot;click_location&quot;:&quot;same&quot;,&quot;update_href&quot;:false,&quot;return&quot;:&quot;ajax_search&quot;,&quot;return_location&quot;:&quot;same&quot;,&quot;facet&quot;:true,&quot;type&quot;:true,&quot;redirect_url&quot;:&quot;?s={phrase}&quot;,&quot;delay&quot;:300},&quot;animations&quot;:{&quot;pc&quot;:{&quot;settings&quot;:{&quot;anim&quot;:&quot;fadedrop&quot;,&quot;dur&quot;:300},&quot;results&quot;:{&quot;anim&quot;:&quot;fadedrop&quot;,&quot;dur&quot;:300},&quot;items&quot;:&quot;voidanim&quot;},&quot;mob&quot;:{&quot;settings&quot;:{&quot;anim&quot;:&quot;fadedrop&quot;,&quot;dur&quot;:300},&quot;results&quot;:{&quot;anim&quot;:&quot;fadedrop&quot;,&quot;dur&quot;:300},&quot;items&quot;:&quot;voidanim&quot;}},&quot;autop&quot;:{&quot;state&quot;:true,&quot;phrase&quot;:&quot;&quot;,&quot;count&quot;:&quot;1&quot;},&quot;resPage&quot;:{&quot;useAjax&quot;:false,&quot;selector&quot;:&quot;#main&quot;,&quot;trigger_type&quot;:true,&quot;trigger_facet&quot;:true,&quot;trigger_magnifier&quot;:false,&quot;trigger_return&quot;:false},&quot;resultsSnapTo&quot;:&quot;left&quot;,&quot;results&quot;:{&quot;width&quot;:&quot;auto&quot;,&quot;width_tablet&quot;:&quot;auto&quot;,&quot;width_phone&quot;:&quot;auto&quot;},&quot;settingsimagepos&quot;:&quot;left&quot;,&quot;closeOnDocClick&quot;:true,&quot;overridewpdefault&quot;:true,&quot;override_method&quot;:&quot;get&quot;}\"><\/div>\n\t<div id=\"asl_hidden_data\">\n\t\t<svg style=\"position:absolute\" height=\"0\" width=\"0\">\n\t\t\t<filter id=\"aslblur\">\n\t\t\t\t<fegaussianblur in=\"SourceGraphic\" stddeviation=\"4\"\/>\n\t\t\t<\/filter>\n\t\t<\/svg>\n\t\t<svg style=\"position:absolute\" height=\"0\" width=\"0\">\n\t\t\t<filter id=\"no_aslblur\"><\/filter>\n\t\t<\/svg>\n\t<\/div>\n\t<\/div>\n\n\t<div id='ajaxsearchliteres1'\n\tclass='vertical wpdreams_asl_results asl_w asl_r asl_r_1 asl_r_1_1'>\n\n\t\n\t<div class=\"results\">\n\n\t\t\n\t\t<div class=\"resdrg\">\n\t\t<\/div>\n\n\t\t\n\t<\/div>\n\n\t\n\t\n<\/div>\n\n\t<div id='__original__ajaxsearchlitesettings1'\n\t\tdata-id=\"1\"\n\t\tclass=\"searchsettings wpdreams_asl_settings asl_w asl_s asl_s_1\">\n\t\t<form name='options'\n\t\taria-label=\"Search settings form\"\n\t\tautocomplete = 'off' action=\"\">\n\n\t\n\t\n\t<input type=\"hidden\" name=\"filters_changed\" style=\"display:none;\" value=\"0\">\n\t<input type=\"hidden\" name=\"filters_initial\" style=\"display:none;\" value=\"1\">\n\n\t<div class=\"asl_option_inner hiddend\">\n\t\t<input type='hidden' name='qtranslate_lang' id='qtranslate_lang'\n\t\t\t\tvalue='0'\/>\n\t<\/div>\n\n\t\n\t\n\t<fieldset class=\"asl_sett_scroll\">\n\t\t<legend style=\"display: none;\">Generic selectors<\/legend>\n\t\t<div class=\"asl_option\" tabindex=\"0\">\n\t\t\t<div class=\"asl_option_inner\">\n\t\t\t\t<input type=\"checkbox\" value=\"exact\"\n\t\t\t\t\t\taria-label=\"Exact matches only\"\n\t\t\t\t\t\tname=\"asl_gen[]\"  checked=\"checked\"\/>\n\t\t\t\t<div class=\"asl_option_checkbox\"><\/div>\n\t\t\t<\/div>\n\t\t\t<div class=\"asl_option_label\">\n\t\t\t\tExact matches only\t\t\t<\/div>\n\t\t<\/div>\n\t\t<div class=\"asl_option\" tabindex=\"0\">\n\t\t\t<div class=\"asl_option_inner\">\n\t\t\t\t<input type=\"checkbox\" value=\"title\"\n\t\t\t\t\t\taria-label=\"Search in title\"\n\t\t\t\t\t\tname=\"asl_gen[]\"  checked=\"checked\"\/>\n\t\t\t\t<div class=\"asl_option_checkbox\"><\/div>\n\t\t\t<\/div>\n\t\t\t<div class=\"asl_option_label\">\n\t\t\t\tSearch in title\t\t\t<\/div>\n\t\t<\/div>\n\t\t<div class=\"asl_option hiddend\" tabindex=\"0\">\n\t\t\t<div class=\"asl_option_inner\">\n\t\t\t\t<input type=\"checkbox\" value=\"content\"\n\t\t\t\t\t\taria-label=\"Search in content\"\n\t\t\t\t\t\tname=\"asl_gen[]\" \/>\n\t\t\t\t<div class=\"asl_option_checkbox\"><\/div>\n\t\t\t<\/div>\n\t\t\t<div class=\"asl_option_label\">\n\t\t\t\tSearch in content\t\t\t<\/div>\n\t\t<\/div>\n\t\t<div class=\"asl_option_inner hiddend\">\n\t\t\t<input type=\"checkbox\" value=\"excerpt\"\n\t\t\t\t\taria-label=\"Search in excerpt\"\n\t\t\t\t\tname=\"asl_gen[]\" \/>\n\t\t\t<div class=\"asl_option_checkbox\"><\/div>\n\t\t<\/div>\n\t<\/fieldset>\n\t<fieldset class=\"asl_sett_scroll\">\n\t\t<legend style=\"display: none;\">Post Type Selectors<\/legend>\n\t\t\t\t\t<div class=\"asl_option\" tabindex=\"0\">\n\t\t\t\t<div class=\"asl_option_inner\">\n\t\t\t\t\t<input type=\"checkbox\" value=\"giesme\"\n\t\t\t\t\t\t\taria-label=\"giesme\"\n\t\t\t\t\t\t\tname=\"customset[]\" \/>\n\t\t\t\t\t<div class=\"asl_option_checkbox\"><\/div>\n\t\t\t\t<\/div>\n\t\t\t\t<div class=\"asl_option_label\">\n\t\t\t\t\tgiesme\t\t\t\t<\/div>\n\t\t\t<\/div>\n\t\t\t\t\t\t<div class=\"asl_option_inner hiddend\">\n\t\t\t\t<input type=\"checkbox\" value=\"giesmes\"\n\t\t\t\t\t\taria-label=\"Hidden option, ignore please\"\n\t\t\t\t\t\tname=\"customset[]\" checked=\"checked\"\/>\n\t\t\t<\/div>\n\t\t\t\t<\/fieldset>\n\t<input type=\"hidden\" name=\"trp-form-language\" value=\"en\"\/><\/form>\n\t<\/div>\n<\/div>\n<\/div>\n\t\t\t\t<\/div>\n\t\t\t\t<\/div>\n\t\t\t\t<div class=\"elementor-element elementor-element-7186cd3 elementor-grid-1 elementor-posts--thumbnail-none elementor-posts--align-center elementor-grid-tablet-1 elementor-grid-mobile-1 elementor-widget elementor-widget-posts\" data-id=\"7186cd3\" data-element_type=\"widget\" data-settings=\"{&quot;classic_columns&quot;:&quot;1&quot;,&quot;pagination_type&quot;:&quot;numbers_and_prev_next&quot;,&quot;classic_columns_tablet&quot;:&quot;1&quot;,&quot;classic_columns_mobile&quot;:&quot;1&quot;,&quot;classic_row_gap&quot;:{&quot;unit&quot;:&quot;px&quot;,&quot;size&quot;:35,&quot;sizes&quot;:[]},&quot;classic_row_gap_tablet&quot;:{&quot;unit&quot;:&quot;px&quot;,&quot;size&quot;:&quot;&quot;,&quot;sizes&quot;:[]},&quot;classic_row_gap_mobile&quot;:{&quot;unit&quot;:&quot;px&quot;,&quot;size&quot;:&quot;&quot;,&quot;sizes&quot;:[]}}\" data-widget_type=\"posts.classic\">\n\t\t\t\t<div class=\"elementor-widget-container\">\n\t\t\t\t\t<div class=\"elementor-posts-container elementor-posts elementor-posts--skin-classic elementor-grid\">\n\t\t\t\t<article class=\"elementor-post elementor-grid-item post-5145 giesmes type-giesmes status-publish hentry\">\n\t\t\t\t<div class=\"elementor-post__text\">\n\t\t\t\t<h3 class=\"elementor-post__title\">\n\t\t\t<a href=\"https:\/\/christteam.lt\/en\/giesmes\/10000-priezasciu\/\" target=\"&quot;_blank&quot;\">\n\t\t\t\t10000 PRIE\u017dAS\u010cI\u0172\t\t\t<\/a>\n\t\t<\/h3>\n\t\t\t\t<\/div>\n\t\t\t\t<\/article>\n\t\t\t\t<article class=\"elementor-post elementor-grid-item post-5582 giesmes type-giesmes status-publish hentry\">\n\t\t\t\t<div class=\"elementor-post__text\">\n\t\t\t\t<h3 class=\"elementor-post__title\">\n\t\t\t<a href=\"https:\/\/christteam.lt\/en\/giesmes\/139-psalme\/\" target=\"&quot;_blank&quot;\">\n\t\t\t\t139 PSALM\u0116\t\t\t<\/a>\n\t\t<\/h3>\n\t\t\t\t<\/div>\n\t\t\t\t<\/article>\n\t\t\t\t<article class=\"elementor-post elementor-grid-item post-5151 giesmes type-giesmes status-publish hentry\">\n\t\t\t\t<div class=\"elementor-post__text\">\n\t\t\t\t<h3 class=\"elementor-post__title\">\n\t\t\t<a href=\"https:\/\/christteam.lt\/en\/giesmes\/23-psalme\/\" target=\"&quot;_blank&quot;\">\n\t\t\t\t23 PSALM\u0116\t\t\t<\/a>\n\t\t<\/h3>\n\t\t\t\t<\/div>\n\t\t\t\t<\/article>\n\t\t\t\t<article class=\"elementor-post elementor-grid-item post-6003 giesmes type-giesmes status-publish hentry\">\n\t\t\t\t<div class=\"elementor-post__text\">\n\t\t\t\t<h3 class=\"elementor-post__title\">\n\t\t\t<a href=\"https:\/\/christteam.lt\/en\/giesmes\/92-psalme-2\/\" target=\"&quot;_blank&quot;\">\n\t\t\t\t92 PSALM\u0116\t\t\t<\/a>\n\t\t<\/h3>\n\t\t\t\t<\/div>\n\t\t\t\t<\/article>\n\t\t\t\t<article class=\"elementor-post elementor-grid-item post-5155 giesmes type-giesmes status-publish hentry\">\n\t\t\t\t<div class=\"elementor-post__text\">\n\t\t\t\t<h3 class=\"elementor-post__title\">\n\t\t\t<a href=\"https:\/\/christteam.lt\/en\/giesmes\/abba-tevas\/\" target=\"&quot;_blank&quot;\">\n\t\t\t\tABBA T\u0116VAS\t\t\t<\/a>\n\t\t<\/h3>\n\t\t\t\t<\/div>\n\t\t\t\t<\/article>\n\t\t\t\t<article class=\"elementor-post elementor-grid-item post-5159 giesmes type-giesmes status-publish hentry\">\n\t\t\t\t<div class=\"elementor-post__text\">\n\t\t\t\t<h3 class=\"elementor-post__title\">\n\t\t\t<a href=\"https:\/\/christteam.lt\/en\/giesmes\/amzinai\/\" target=\"&quot;_blank&quot;\">\n\t\t\t\tAM\u017dINAI\t\t\t<\/a>\n\t\t<\/h3>\n\t\t\t\t<\/div>\n\t\t\t\t<\/article>\n\t\t\t\t<article class=\"elementor-post elementor-grid-item post-5163 giesmes type-giesmes status-publish hentry\">\n\t\t\t\t<div class=\"elementor-post__text\">\n\t\t\t\t<h3 class=\"elementor-post__title\">\n\t\t\t<a href=\"https:\/\/christteam.lt\/en\/giesmes\/amzinai-andrejus-viazininas\/\" target=\"&quot;_blank&quot;\">\n\t\t\t\tAM\u017dINAI \/ Andrejus Viazininas\t\t\t<\/a>\n\t\t<\/h3>\n\t\t\t\t<\/div>\n\t\t\t\t<\/article>\n\t\t\t\t<article class=\"elementor-post elementor-grid-item post-5167 giesmes type-giesmes status-publish hentry\">\n\t\t\t\t<div class=\"elementor-post__text\">\n\t\t\t\t<h3 class=\"elementor-post__title\">\n\t\t\t<a href=\"https:\/\/christteam.lt\/en\/giesmes\/apie-tai-as-svajoju\/\" target=\"&quot;_blank&quot;\">\n\t\t\t\tAPIE TAI A\u0160 SVAJOJU\t\t\t<\/a>\n\t\t<\/h3>\n\t\t\t\t<\/div>\n\t\t\t\t<\/article>\n\t\t\t\t<article class=\"elementor-post elementor-grid-item post-5171 giesmes type-giesmes status-publish hentry\">\n\t\t\t\t<div class=\"elementor-post__text\">\n\t\t\t\t<h3 class=\"elementor-post__title\">\n\t\t\t<a href=\"https:\/\/christteam.lt\/en\/giesmes\/apreiskimo-giesme\/\" target=\"&quot;_blank&quot;\">\n\t\t\t\tAPREI\u0160KIMO GIESM\u0116\t\t\t<\/a>\n\t\t<\/h3>\n\t\t\t\t<\/div>\n\t\t\t\t<\/article>\n\t\t\t\t<article class=\"elementor-post elementor-grid-item post-5178 giesmes type-giesmes status-publish hentry\">\n\t\t\t\t<div class=\"elementor-post__text\">\n\t\t\t\t<h3 class=\"elementor-post__title\">\n\t\t\t<a href=\"https:\/\/christteam.lt\/en\/giesmes\/ar-sukurei-saule-man\/\" target=\"&quot;_blank&quot;\">\n\t\t\t\tAR SUK\u016aREI SAUL\u0118 MAN\t\t\t<\/a>\n\t\t<\/h3>\n\t\t\t\t<\/div>\n\t\t\t\t<\/article>\n\t\t\t\t<\/div>\n\t\t\n\t\t\t\t<div class=\"e-load-more-anchor\" data-page=\"1\" data-max-page=\"11\" data-next-page=\"https:\/\/christteam.lt\/en\/wp-json\/wp\/v2\/pages\/2838\/page\/2\/\"><\/div>\n\t\t\t\t<nav class=\"elementor-pagination\" aria-label=\"Pagination\">\n\t\t\t<span class=\"page-numbers prev\">&laquo; <\/span>\n<span aria-current=\"page\" class=\"page-numbers current\"><span class=\"elementor-screen-only\">Page<\/span>1<\/span>\n<a class=\"page-numbers\" href=\"https:\/\/christteam.lt\/en\/wp-json\/wp\/v2\/pages\/2838\/page\/2\/\"><span class=\"elementor-screen-only\">Page<\/span>2<\/a>\n<a class=\"page-numbers\" href=\"https:\/\/christteam.lt\/en\/wp-json\/wp\/v2\/pages\/2838\/page\/3\/\"><span class=\"elementor-screen-only\">Page<\/span>3<\/a>\n<a class=\"page-numbers\" href=\"https:\/\/christteam.lt\/en\/wp-json\/wp\/v2\/pages\/2838\/page\/4\/\"><span class=\"elementor-screen-only\">Page<\/span>4<\/a>\n<a class=\"page-numbers\" href=\"https:\/\/christteam.lt\/en\/wp-json\/wp\/v2\/pages\/2838\/page\/5\/\"><span class=\"elementor-screen-only\">Page<\/span>5<\/a>\n<a class=\"page-numbers\" href=\"https:\/\/christteam.lt\/en\/wp-json\/wp\/v2\/pages\/2838\/page\/6\/\"><span class=\"elementor-screen-only\">Page<\/span>6<\/a>\n<a class=\"page-numbers\" href=\"https:\/\/christteam.lt\/en\/wp-json\/wp\/v2\/pages\/2838\/page\/7\/\"><span class=\"elementor-screen-only\">Page<\/span>7<\/a>\n<a class=\"page-numbers\" href=\"https:\/\/christteam.lt\/en\/wp-json\/wp\/v2\/pages\/2838\/page\/8\/\"><span class=\"elementor-screen-only\">Page<\/span>8<\/a>\n<a class=\"page-numbers\" href=\"https:\/\/christteam.lt\/en\/wp-json\/wp\/v2\/pages\/2838\/page\/9\/\"><span class=\"elementor-screen-only\">Page<\/span>9<\/a>\n<a class=\"page-numbers\" href=\"https:\/\/christteam.lt\/en\/wp-json\/wp\/v2\/pages\/2838\/page\/10\/\"><span class=\"elementor-screen-only\">Page<\/span>10<\/a>\n<a class=\"page-numbers\" href=\"https:\/\/christteam.lt\/en\/wp-json\/wp\/v2\/pages\/2838\/page\/11\/\"><span class=\"elementor-screen-only\">Page<\/span>11<\/a>\n<a class=\"page-numbers next\" href=\"https:\/\/christteam.lt\/en\/wp-json\/wp\/v2\/pages\/2838\/page\/2\/\"> &raquo;<\/a>\t\t<\/nav>\n\t\t\t\t<\/div>\n\t\t\t\t<\/div>\n\t\t\t\t\t<\/div>\n\t\t<\/div>\n\t\t\t\t\t<\/div>\n\t\t<\/section>\n\t\t\t\t<\/div>","protected":false},"excerpt":{"rendered":"","protected":false},"author":1,"featured_media":0,"parent":0,"menu_order":0,"comment_status":"closed","ping_status":"closed","template":"","meta":{"footnotes":""},"_links":{"self":[{"href":"https:\/\/christteam.lt\/en\/wp-json\/wp\/v2\/pages\/2838"}],"collection":[{"href":"https:\/\/christteam.lt\/en\/wp-json\/wp\/v2\/pages"}],"about":[{"href":"https:\/\/christteam.lt\/en\/wp-json\/wp\/v2\/types\/page"}],"author":[{"embeddable":true,"href":"https:\/\/christteam.lt\/en\/wp-json\/wp\/v2\/users\/1"}],"replies":[{"embeddable":true,"href":"https:\/\/christteam.lt\/en\/wp-json\/wp\/v2\/comments?post=2838"}],"version-history":[{"count":102,"href":"https:\/\/christteam.lt\/en\/wp-json\/wp\/v2\/pages\/2838\/revisions"}],"predecessor-version":[{"id":5138,"href":"https:\/\/christteam.lt\/en\/wp-json\/wp\/v2\/pages\/2838\/revisions\/5138"}],"wp:attachment":[{"href":"https:\/\/christteam.lt\/en\/wp-json\/wp\/v2\/media?parent=2838"}],"curies":[{"name":"wp","href":"https:\/\/api.w.org\/{rel}","templated":true}]}}