{"id":4708,"date":"2023-07-12T16:16:29","date_gmt":"2023-07-12T14:16:29","guid":{"rendered":"https:\/\/christteam.lt\/?page_id=4708"},"modified":"2025-05-08T14:37:36","modified_gmt":"2025-05-08T12:37:36","slug":"parama","status":"publish","type":"page","link":"https:\/\/christteam.lt\/en\/parama\/","title":{"rendered":"CONTRIBUTE"},"content":{"rendered":"<div data-elementor-type=\"wp-page\" data-elementor-id=\"4708\" class=\"elementor elementor-4708\" data-elementor-post-type=\"page\">\n\t\t\t\t\t\t<section class=\"elementor-section elementor-top-section elementor-element elementor-element-41cf2d9 elementor-section-boxed elementor-section-height-default elementor-section-height-default\" data-id=\"41cf2d9\" data-element_type=\"section\">\n\t\t\t\t\t\t<div class=\"elementor-container elementor-column-gap-default\">\n\t\t\t\t\t<div class=\"elementor-column elementor-col-100 elementor-top-column elementor-element elementor-element-2ec636d\" data-id=\"2ec636d\" data-element_type=\"column\">\n\t\t\t<div class=\"elementor-widget-wrap elementor-element-populated\">\n\t\t\t\t\t\t<section class=\"elementor-section elementor-inner-section elementor-element elementor-element-046e2f3 elementor-section-boxed elementor-section-height-default elementor-section-height-default\" data-id=\"046e2f3\" data-element_type=\"section\">\n\t\t\t\t\t\t<div class=\"elementor-container elementor-column-gap-default\">\n\t\t\t\t\t<div class=\"elementor-column elementor-col-50 elementor-inner-column elementor-element elementor-element-9be4e65\" data-id=\"9be4e65\" data-element_type=\"column\">\n\t\t\t<div class=\"elementor-widget-wrap elementor-element-populated\">\n\t\t\t\t\t\t<div class=\"elementor-element elementor-element-64978b0 elementor-widget elementor-widget-text-editor\" data-id=\"64978b0\" data-element_type=\"widget\" data-widget_type=\"text-editor.default\">\n\t\t\t\t<div class=\"elementor-widget-container\">\n\t\t\t\t\t\t\t<p><strong>Christ Team's goal<\/strong> is to reach young people and encourage them to follow Christ.\u00a0<\/p><div dir=\"auto\">We continue to create and record worship songs, film video clips, organize worship evenings and youth ministry.\u00a0<\/div><div dir=\"auto\">If you also want to be a part of this work, you can support us.<\/div>\t\t\t\t\t\t<\/div>\n\t\t\t\t<\/div>\n\t\t\t\t<div class=\"elementor-element elementor-element-778364e elementor-widget elementor-widget-spacer\" data-id=\"778364e\" data-element_type=\"widget\" data-widget_type=\"spacer.default\">\n\t\t\t\t<div class=\"elementor-widget-container\">\n\t\t\t\t\t<div class=\"elementor-spacer\">\n\t\t\t<div class=\"elementor-spacer-inner\"><\/div>\n\t\t<\/div>\n\t\t\t\t<\/div>\n\t\t\t\t<\/div>\n\t\t\t\t<div class=\"elementor-element elementor-element-e2fd3a1 elementor-widget elementor-widget-heading\" data-id=\"e2fd3a1\" data-element_type=\"widget\" data-widget_type=\"heading.default\">\n\t\t\t\t<div class=\"elementor-widget-container\">\n\t\t\t<h3 class=\"elementor-heading-title elementor-size-default\">Properties<\/h3>\t\t<\/div>\n\t\t\t\t<\/div>\n\t\t\t\t<div class=\"elementor-element elementor-element-2440bd3 elementor-icon-list--layout-traditional elementor-list-item-link-full_width elementor-widget elementor-widget-icon-list\" data-id=\"2440bd3\" data-element_type=\"widget\" data-widget_type=\"icon-list.default\">\n\t\t\t\t<div class=\"elementor-widget-container\">\n\t\t\t\t\t<ul class=\"elementor-icon-list-items\">\n\t\t\t\t\t\t\t<li class=\"elementor-icon-list-item\">\n\t\t\t\t\t\t\t\t\t\t\t<span class=\"elementor-icon-list-icon\">\n\t\t\t\t\t\t\t<i aria-hidden=\"true\" class=\"far fa-building\"><\/i>\t\t\t\t\t\t<\/span>\n\t\t\t\t\t\t\t\t\t\t<span class=\"elementor-icon-list-text\">V\u0161\u012e \"Christ Team Kaunas\"<\/span>\n\t\t\t\t\t\t\t\t\t<\/li>\n\t\t\t\t\t\t\t\t<li class=\"elementor-icon-list-item\">\n\t\t\t\t\t\t\t\t\t\t\t<span class=\"elementor-icon-list-icon\">\n\t\t\t\t\t\t\t<i aria-hidden=\"true\" class=\"far fa-address-card\"><\/i>\t\t\t\t\t\t<\/span>\n\t\t\t\t\t\t\t\t\t\t<span class=\"elementor-icon-list-text\">Institution code 306324478<\/span>\n\t\t\t\t\t\t\t\t\t<\/li>\n\t\t\t\t\t\t\t\t<li class=\"elementor-icon-list-item\">\n\t\t\t\t\t\t\t\t\t\t\t<span class=\"elementor-icon-list-icon\">\n\t\t\t\t\t\t\t<i aria-hidden=\"true\" class=\"fas fa-money-check\"><\/i>\t\t\t\t\t\t<\/span>\n\t\t\t\t\t\t\t\t\t\t<span class=\"elementor-icon-list-text\">A\/s LT547044090106444936 AB SEB BANKAS<\/span>\n\t\t\t\t\t\t\t\t\t<\/li>\n\t\t\t\t\t\t<\/ul>\n\t\t\t\t<\/div>\n\t\t\t\t<\/div>\n\t\t\t\t<div class=\"elementor-element elementor-element-7a777eb elementor-widget elementor-widget-text-editor\" data-id=\"7a777eb\" data-element_type=\"widget\" data-widget_type=\"text-editor.default\">\n\t\t\t\t<div class=\"elementor-widget-container\">\n\t\t\t\t\t\t\t<p>You can support V\u0161\u012e \"Christ Team Kaunas\" by donating 1.2% of your personal income tax.<\/p><ul><li>Pra\u0161ym\u0105 galite u\u017epildyti per internetin\u0119 bankininkyst\u0119 prie VMI deklaracij\u0173. Daugiau informacijos rasite <a href=\"https:\/\/www.vmi.lt\/evmi\/paramos-skyrimas?inheritRedirect=true\" target=\"_blank\" rel=\"noopener\">here<\/a>.<\/li><\/ul>\t\t\t\t\t\t<\/div>\n\t\t\t\t<\/div>\n\t\t\t\t\t<\/div>\n\t\t<\/div>\n\t\t\t\t<div class=\"elementor-column elementor-col-50 elementor-inner-column elementor-element elementor-element-12b8e5e\" data-id=\"12b8e5e\" data-element_type=\"column\">\n\t\t\t<div class=\"elementor-widget-wrap elementor-element-populated\">\n\t\t\t\t\t\t<div class=\"elementor-element elementor-element-2160356 elementor-widget elementor-widget-better-payment\" data-id=\"2160356\" data-element_type=\"widget\" data-widget_type=\"better-payment.default\">\n\t\t\t\t<div class=\"elementor-widget-container\">\n\t\t\t        <script>\n\n            if(typeof params === 'undefined'){\n                let params = '';                \n            }\n\n            params = new URLSearchParams(location.search);\n\n            if (params.has('better_payment_paypal_status') || params.has('better_payment_stripe_status') || params.has('better_payment_paystack_status')) {\n                params.delete('better_payment_paypal_status');\n                params.delete('better_payment_stripe_status');\n                params.delete('better_payment_paystack_status');\n                params.delete('better_payment_widget_id');\n                params.delete('better_payment_stripe_id');\n                params.delete('better_payment_paystack_id');\n                window.history.replaceState({}, '', `${location.pathname}?${params}`);\n            }\n        <\/script>\n        <div class=\"better-payment\">\n    <div class=\"better-payment--wrapper\">\n        <div class=\"better-payment--container\">\n            \n            <form name=\"better-payment-form-2160356\" data-better-payment=\"{&quot;page_id&quot;:4708,&quot;widget_id&quot;:&quot;2160356&quot;}\" class=\"better-payment-form\" id=\"better-payment-form-2160356\" action=\"https:\/\/christteam.lt\/wp-admin\/admin-post.php\" method=\"post\">\n                <input type=\"hidden\" name=\"better_payment_page_id\" value=\"4708\">\n                <input type=\"hidden\" name=\"better_payment_widget_id\" value=\"2160356\">\n                \n            <input type=\"hidden\" name=\"campaign_id\" value=\"\">\n            <input type=\"hidden\" name=\"campaign_currency\" value=\"\">\n                        \n                <div class=\"payment-form-layout-2 payment-form-layout\">\n                    <div class=\"columns\">\n\n                        <div class=\"column is-8\">\n                            <div class=\"has-background-white-fix form-content-section\">\n                                <div class=\"form-content-section-inner p-6\">\n                                    <div class=\"pt-3 pb-3\">\n                                        <div class=\"form-content-section-fields\">\n                                                                                        <div class=\"field-payment_method -wrap\">\n                                                <div class=\"control bp-radio-box\">\n                                                                                                                                                                            <label class=\"radio pr-6 mb-5 payment-method-checkbox payment-method-checkbox-paypal single-item active column has-text-centered\">\n                                                                    <input type=\"radio\" name=\"payment_method\" class=\"layout-payment-method-paypal\" checked>\n                                                                    <img decoding=\"async\" src=\"https:\/\/christteam.lt\/wp-content\/plugins\/better-payment\/assets\/img\/paypal.png\" alt=\"PayPal\">\n                                                                <\/label>\n                                                                                                            \n                                                    \n                                                                                                    <\/div>\n                                            <\/div>\n\n                                            \n                                                    <div class=\"better-payment-field-advanced-layout field-primary_first_name pt-5 elementor-repeater-item-ff7fe59\">\n                                                        <div class=\"control has-icons-left\">\n                                                            <input class=\"input is-medium\" type=\"text\" placeholder=\"Name\" name=\"primary_first_name\"  >\n                                                            <span class=\"icon is-medium is-left\">\n                                                                \n                                                                                                                                    <i class=\"bp-icon bp-user\"><\/i>                                                                                                                            <\/span>\n                                                        <\/div>\n                                                    <\/div>\n                                                    \n                                                \n                                                    <div class=\"better-payment-field-advanced-layout field-primary_last_name pt-5 elementor-repeater-item-2bc9b7e\">\n                                                        <div class=\"control has-icons-left\">\n                                                            <input class=\"input is-medium\" type=\"text\" placeholder=\"Last Name\" name=\"primary_last_name\"  >\n                                                            <span class=\"icon is-medium is-left\">\n                                                                \n                                                                                                                                    <i class=\"bp-icon bp-user\"><\/i>                                                                                                                            <\/span>\n                                                        <\/div>\n                                                    <\/div>\n                                                    \n                                                \n                                                    <div class=\"better-payment-field-advanced-layout field-primary_email pt-5 elementor-repeater-item-dbe63a1\">\n                                                        <div class=\"control has-icons-left\">\n                                                            <input class=\"input is-medium                                                                      required\" type=\"email\" placeholder=\"Email\" name=\"primary_email\"  required=\"required\"  >\n                                                            <span class=\"icon is-medium is-left\">\n                                                                \n                                                                                                                                    <i class=\"bp-icon bp-envelope\"><\/i>                                                                                                                            <\/span>\n                                                        <\/div>\n                                                    <\/div>\n                                                    \n                                                                                                        <div class=\"bp-payment-amount-wrap\">\n                                                                    <!-- <div class=\"pt-5\"> -->\n                        <div class=\"bp-form__group pt-5\">\n                    <input type=\"radio\" value=\"5\"\n                        id=\"bp_payment_amount-69eb63548faa6\" class=\"bp-form__control bp-form_pay-radio\"\n                        name=\"primary_payment_amount_radio\">\n                    <label for=\"bp_payment_amount-69eb63548faa6\">\u20ac5<\/label>\n                <\/div>\n            \n                            <div class=\"bp-form__group pt-5\">\n                    <input type=\"radio\" value=\"10\"\n                        id=\"bp_payment_amount-69eb63548fabd\" class=\"bp-form__control bp-form_pay-radio\"\n                        name=\"primary_payment_amount_radio\">\n                    <label for=\"bp_payment_amount-69eb63548fabd\">\u20ac10<\/label>\n                <\/div>\n            \n                            <div class=\"bp-form__group pt-5\">\n                    <input type=\"radio\" value=\"15\"\n                        id=\"bp_payment_amount-69eb63548fac4\" class=\"bp-form__control bp-form_pay-radio\"\n                        name=\"primary_payment_amount_radio\">\n                    <label for=\"bp_payment_amount-69eb63548fac4\">\u20ac15<\/label>\n                <\/div>\n            \n                            <div class=\"bp-form__group pt-5\">\n                    <input type=\"radio\" value=\"20\"\n                        id=\"bp_payment_amount-69eb63548faca\" class=\"bp-form__control bp-form_pay-radio\"\n                        name=\"primary_payment_amount_radio\">\n                    <label for=\"bp_payment_amount-69eb63548faca\">\u20ac20<\/label>\n                <\/div>\n            \n                    <!-- <\/div> -->\n                                                                <\/div>\n                                                    \n                                                    <div class=\"better-payment-field-advanced-layout field-primary_payment_amount pt-5 elementor-repeater-item-374acd8\">\n                                                        <div class=\"control has-icons-left\">\n                                                            <input class=\"input is-medium                                                                      required bp-custom-payment-amount\" type=\"number\" placeholder=\"Amount\" name=\"primary_payment_amount\"  required=\"required\"   step=\"any\" min=\"1\" max=\"\" value=\"\"  >\n                                                            <span class=\"icon is-medium is-left\">\n                                                                                                                                        <span class=\"icon is-medium is-left\">\n                                                                            <span class=\"bp-currency-symbol\">\u20ac<\/span>                                                                        <\/span>\n                                                                        \n                                                                                                                            <\/span>\n                                                        <\/div>\n                                                    <\/div>\n                                                    \n                                                \n                                            <div class=\"pb-5\"><\/div>\n\n                                            <div class=\"field-process_payment_button pt-3\">\n                                                <div class=\"control\">\n                                                    <div class=\"payment__option\">\n                                                                <input type=\"hidden\" name=\"return\" value=\"https:\/\/christteam.lt\/en\/parama\/?better_payment_paypal_status=success&#038;better_payment_widget_id=2160356&#038;rest_route=\/wp\/v2\/pages\/4708\">\n        <input type=\"hidden\" name=\"action\" value=\"paypal_form_handle\">\n        <input type=\"hidden\" name=\"security\" value=\"439c0a4e85\">\n        <input type=\"hidden\" name=\"cancel_return\" value=\"https:\/\/christteam.lt\/en\/parama\/?better_payment_error_status=error&#038;better_payment_widget_id=2160356&#038;rest_route=\/wp\/v2\/pages\/4708\">\n        <button data-paypal-info = \"{&quot;business_email&quot;:true}\" class=\"button is-medium is-fullwidth better-payment-paypal-bt\" >Proceed to Payment<\/button>\n        \n                                                            <\/div>\n                                                <\/div>\n                                            <\/div>\n                                        <\/div>\n                                    <\/div>\n                                <\/div>\n                            <\/div>\n                        <\/div>\n\n                        <div class=\"column\">\n                                                        <div class=\"dynamic-amount-section\">\n                                <div class=\"dynamic-amount-section-inner has-text-white p-6\">\n                                    <div class=\"pt-3 pb-3\">\n                                        <p class=\"bp-dynamic-amount-section-icon-wrap\"><i class=\"bp-icon bp-swap is-size-1-fix bp-dynamic-amount-section-icon\"><\/i><\/p>\n                                        <h4 class=\"is-size-5-fix pt-5 bp-dynamic-amount-section-title\">Paramos Detal\u0117s<\/h4>\n                                        <p class=\"is-size-6-fix pt-3 dynamic-amount-section-subtitle bp-dynamic-amount-section-sub-title\">U\u017epildykite privalomus laukus *<\/p>\n                                        <p class=\"is-size-6-fix pt-2 bp-dynamic-amount-section-amount\">\n                                             <a class='has-text-white is-hidden' href=''><\/a><br>\n                                            Paramos suma: <span class='bp-transaction-details-amount-text'><\/span>                                        <\/p>\n                                        <h4 class=\"is-size-2-fix pt-5 bp-dynamic-amount-section-amount-summary\">\n                                            \u20ac<span class=\"bp-transaction-details-amount-text\"><\/span>                                        <\/h4>\n                                    <\/div>\n                                <\/div>\n                            <\/div>\n                                                    <\/div>\n\n                    <\/div>\n\n                <\/div>\n\n            <\/form>\n        <\/div>\n    <\/div>\n<\/div>\t\t<\/div>\n\t\t\t\t<\/div>\n\t\t\t\t\t<\/div>\n\t\t<\/div>\n\t\t\t\t\t<\/div>\n\t\t<\/section>\n\t\t\t\t\t<\/div>\n\t\t<\/div>\n\t\t\t\t\t<\/div>\n\t\t<\/section>\n\t\t\t\t<\/div>","protected":false},"excerpt":{"rendered":"<p>Christ Team tikslas &#8211; pasiekti jaunus \u017emones ir u\u017edegti juos sekti Kristumi.\u00a0 Toliau kuriame ir \u012fra\u0161in\u0117jame giesmes, filmuojame video klipus, organizuojame \u0161lovinimo vakarus ir jaunimo tarnavim\u0105.\u00a0Jeigu ir j\u016bs norite b\u016bti \u0161io darbo dalimi &#8211; galite mus paremti. Rekvizitai V\u0161\u012e &#8222;Christ&#8230;<\/p>","protected":false},"author":1,"featured_media":0,"parent":0,"menu_order":0,"comment_status":"closed","ping_status":"closed","template":"","meta":{"footnotes":""},"_links":{"self":[{"href":"https:\/\/christteam.lt\/en\/wp-json\/wp\/v2\/pages\/4708"}],"collection":[{"href":"https:\/\/christteam.lt\/en\/wp-json\/wp\/v2\/pages"}],"about":[{"href":"https:\/\/christteam.lt\/en\/wp-json\/wp\/v2\/types\/page"}],"author":[{"embeddable":true,"href":"https:\/\/christteam.lt\/en\/wp-json\/wp\/v2\/users\/1"}],"replies":[{"embeddable":true,"href":"https:\/\/christteam.lt\/en\/wp-json\/wp\/v2\/comments?post=4708"}],"version-history":[{"count":136,"href":"https:\/\/christteam.lt\/en\/wp-json\/wp\/v2\/pages\/4708\/revisions"}],"predecessor-version":[{"id":6196,"href":"https:\/\/christteam.lt\/en\/wp-json\/wp\/v2\/pages\/4708\/revisions\/6196"}],"wp:attachment":[{"href":"https:\/\/christteam.lt\/en\/wp-json\/wp\/v2\/media?parent=4708"}],"curies":[{"name":"wp","href":"https:\/\/api.w.org\/{rel}","templated":true}]}}